{"id":2,"date":"2020-11-14T20:58:43","date_gmt":"2020-11-14T20:58:43","guid":{"rendered":"https:\/\/www.damarco.fr\/?page_id=2"},"modified":"2022-04-18T21:18:41","modified_gmt":"2022-04-18T21:18:41","slug":"sample-page","status":"publish","type":"page","link":"https:\/\/www.damarco.fr\/?page_id=2","title":{"rendered":"Carte"},"content":{"rendered":"\n\n\n\n<table id=\"tablepress-1\" class=\"tablepress tablepress-id-1\">\n<tbody>\n<tr class=\"row-1\">\n\t<td class=\"column-1\">Entr\u00e9es et Salades<\/td><td class=\"column-2\"><\/td>\n<\/tr>\n<tr class=\"row-2\">\n\t<td class=\"column-1\">Assiette de jambon Pardon<\/td><td class=\"column-2\">22\u20ac<\/td>\n<\/tr>\n<tr class=\"row-3\">\n\t<td class=\"column-1\">Moules farcies au parmesan et gratin\u00e9es<\/td><td class=\"column-2\">15\u20ac<\/td>\n<\/tr>\n<tr class=\"row-4\">\n\t<td class=\"column-1\">Fougasse \u00e0 l\u2019Ail ou au Basilic<\/td><td class=\"column-2\">4\u20ac<\/td>\n<\/tr>\n<tr class=\"row-5\">\n\t<td class=\"column-1\">Po\u00eal\u00e9e de Chipirons en persillade<\/td><td class=\"column-2\">23\u20ac<\/td>\n<\/tr>\n<tr class=\"row-6\">\n\t<td class=\"column-1\">Salade aux agrumes, St-Jacques po\u00eal\u00e9es,<br \/>\ncrevettes en tempura et truite fum\u00e9e des Pyr\u00e9n\u00e9es<\/td><td class=\"column-2\">22,50\u20ac<\/td>\n<\/tr>\n<\/tbody>\n<\/table>\n<!-- #tablepress-1 from cache -->\n\n<table id=\"tablepress-2\" class=\"tablepress tablepress-id-2\">\n<tbody>\n<tr class=\"row-1\">\n\t<td class=\"column-1\">Plats<\/td><td class=\"column-2\"><\/td>\n<\/tr>\n<tr class=\"row-2\">\n\t<td class=\"column-1\">Confit de Canard<\/td><td class=\"column-2\">22\u20ac<\/td>\n<\/tr>\n<tr class=\"row-3\">\n\t<td class=\"column-1\">C\u00f4telettes d'Agneau<\/td><td class=\"column-2\">27\u20ac<\/td>\n<\/tr>\n<tr class=\"row-4\">\n\t<td class=\"column-1\">Presse de poir noir de Bigorre ,Frites au couteau, L\u00e9gumes croquants <\/td><td class=\"column-2\">29\u20ac<\/td>\n<\/tr>\n<tr class=\"row-5\">\n\t<td class=\"column-1\">Linguines aux Chipirons <\/td><td class=\"column-2\">23\u20ac<\/td>\n<\/tr>\n<tr class=\"row-6\">\n\t<td class=\"column-1\">Nos p\u00e2tes \u00e0 l'ail<\/td><td class=\"column-2\">14,50\u20ac<\/td>\n<\/tr>\n<tr class=\"row-7\">\n\t<td class=\"column-1\">Lasagne bolognaise et salade verte aux graines de s\u00e9same<\/td><td class=\"column-2\">17\u20ac<\/td>\n<\/tr>\n<tr class=\"row-8\">\n\t<td class=\"column-1\"><\/td><td class=\"column-2\"><\/td>\n<\/tr>\n<tr class=\"row-9\">\n\t<td class=\"column-1\">Toutes nos viandes sont d\u2019origine FRANCE (64,65)<\/td><td class=\"column-2\"><\/td>\n<\/tr>\n<tr class=\"row-10\">\n\t<td class=\"column-1\">Un cahier est disponible \u00e0 la caisse d\u00e9taillant la pr\u00e9sence des allerg\u00e8nes plat par plat.<\/td><td class=\"column-2\"><\/td>\n<\/tr>\n<\/tbody>\n<\/table>\n<!-- #tablepress-2 from cache -->\n\n\n\n<table id=\"tablepress-5\" class=\"tablepress tablepress-id-5\">\n<tbody>\n<tr class=\"row-1\">\n\t<td class=\"column-1\">Pizzas<\/td><td class=\"column-2\"><\/td>\n<\/tr>\n<tr class=\"row-2\">\n\t<td class=\"column-1\">Marguerite <br \/>\nTomate, mozzarella, huile d'olive au basilic fraisMarguerite<\/td><td class=\"column-2\">12,50\u20ac<\/td>\n<\/tr>\n<tr class=\"row-3\">\n\t<td class=\"column-1\">Napolitaine <br \/>\nTomate, mozzarella, anchois, olives, huile d'olive, origan <br \/>\n<\/td><td class=\"column-2\">13,50\u20ac<\/td>\n<\/tr>\n<tr class=\"row-4\">\n\t<td class=\"column-1\">Peperone <br \/>\nTomate, mozzarella, chorizo de \"chez Pardon\", origan<\/td><td class=\"column-2\">15,50\u20ac<\/td>\n<\/tr>\n<tr class=\"row-5\">\n\t<td class=\"column-1\">Reine <br \/>\nTomate, mozzarella, jambon blanc de \"chez Sajous\", champignons frais, huile d'olive au basilic frais<\/td><td class=\"column-2\">16,50\u20ac<\/td>\n<\/tr>\n<tr class=\"row-6\">\n\t<td class=\"column-1\">Padre Nino<br \/>\nTomate, mozzarella, chorizo de \"chez Pardon\", champignons frais, huile d'olive, origan<\/td><td class=\"column-2\">16,50\u20ac<\/td>\n<\/tr>\n<tr class=\"row-7\">\n\t<td class=\"column-1\">Pomme Ch\u00e8vre<br \/>\nTomate, mozzarella, formage de ch\u00e8vre, cr\u00e8me fra\u00eeche, pommes, noisettes, miel<\/td><td class=\"column-2\">16,50\u20ac<\/td>\n<\/tr>\n<tr class=\"row-8\">\n\t<td class=\"column-1\">Quatre Fromages<br \/>\nTomate, mozzarella, fromage de ch\u00e8vre, gorgonzola, emmental, cr\u00e8me fra\u00eeche, origan<br \/>\n<\/td><td class=\"column-2\">16,50\u20ac<\/td>\n<\/tr>\n<tr class=\"row-9\">\n\t<td class=\"column-1\">Calzone<br \/>\nTomate, mozzarella, cr\u00e8me fra\u00eeche, jambon blanc de \"chez Sajous\", oeuf, emmental, huile d'olive, origan<\/td><td class=\"column-2\">17,50\u20ac<\/td>\n<\/tr>\n<tr class=\"row-10\">\n\t<td class=\"column-1\">Da Marco<br \/>\nTomate, mozzarella, piquillos, chips d'oignons, jambon blanc de \"chez Sajous\", chorizo de \"chez Pardon\", oeuf, huile d'olive, origan<br \/>\n<\/td><td class=\"column-2\">19,00\u20ac<\/td>\n<\/tr>\n<tr class=\"row-11\">\n\t<td class=\"column-1\">Reine au Jambon de chez Pardon<br \/>\nTomate, mozzarella, champignons frais, jambon de \"chez Pardon\", roquette, copeaux de parmesan, huile d'olive au basilic frais<\/td><td class=\"column-2\">19,50\u20ac<\/td>\n<\/tr>\n<tr class=\"row-12\">\n\t<td class=\"column-1\">Chipiron<br \/>\nTomate, mozzarella, piquillos, chips d'oignons, chipirons, chorizo de \"chez Pardon\", citron, huile d'olive \u00e0 l'ail<\/td><td class=\"column-2\">23,00\u20ac<\/td>\n<\/tr>\n<tr class=\"row-13\">\n\t<td class=\"column-1\">V\u00e9g\u00e9tarienne<br \/>\nTomate, mozzarella, champignons frais, roquette, l\u00e9gumes frais croquants, tomates confites, olives, artichauts, guindillas, copeaux de parmesan, caramel de balsamique, huile d'olive au basilic frais <br \/>\n<\/td><td class=\"column-2\">19,00\u20ac<\/td>\n<\/tr>\n<tr class=\"row-14\">\n\t<td class=\"column-1\">Truite des Pyr\u00e9n\u00e9es fum\u00e9e<br \/>\nTomate, mozzarella, gorgonzola, olive, truite fum\u00e9e des Pyr\u00e9n\u00e9es, cr\u00e8me fra\u00eeche, citron, roquette, spuma de mozzarella, huile d'olive au basilic <br \/>\n<\/td><td class=\"column-2\">22,00\u20ac<\/td>\n<\/tr>\n<tr class=\"row-15\">\n\t<td class=\"column-1\">Pizza au Magret<br \/>\nTomate, mozzarella, fromage de ch\u00e8vre, pommes, magret de canard de \"la ferme de Moura\", noisettes, miel, roquette, huile d'olive au basilic<\/td><td class=\"column-2\">21,00\u20ac<\/td>\n<\/tr>\n<tr class=\"row-16\">\n\t<td class=\"column-1\">Burrata selon arrivage<br \/>\nselon arrivage ,tomate, mozzarella, champignons, roquette, Burrata, tomates confites, jambon \"de chez Pardon\", huile d'olive au basilic frais.<\/td><td class=\"column-2\">22,00\u20ac <\/td>\n<\/tr>\n<tr class=\"row-17\">\n\t<td class=\"column-1\">Supp. Burrata<\/td><td class=\"column-2\">6.00\u20ac<\/td>\n<\/tr>\n<\/tbody>\n<\/table>\n<!-- #tablepress-5 from cache -->\n\n<table id=\"tablepress-6\" class=\"tablepress tablepress-id-6\">\n<tbody>\n<tr class=\"row-1\">\n\t<td class=\"column-1\">Pizza Blanche<\/td><td class=\"column-2\"><\/td>\n<\/tr>\n<tr class=\"row-2\">\n\t<td class=\"column-1\">Paysanne<br \/>\nCr\u00e8me fraiche, mozzarella, ventr\u00e8che de \"chez Pardon\", emmental, olive, jambon blanc de \"chez Sajous\", origan<br \/>\n<\/td><td class=\"column-2\">19\u20ac <\/td>\n<\/tr>\n<tr class=\"row-3\">\n\t<td class=\"column-1\">Calzone au Camembert<br \/>\nCamembert, huile d'olive \u00e0 l'ail, salade verte, coppa et filet de coche de \"chez Pardon\", origan.<br \/>\n<\/td><td class=\"column-2\">20\u20ac<\/td>\n<\/tr>\n<tr class=\"row-4\">\n\t<td class=\"column-1\">Calzone nutella<\/td><td class=\"column-2\">12,00\u20ac<\/td>\n<\/tr>\n<tr class=\"row-5\">\n\t<td class=\"column-1\"><\/td><td class=\"column-2\"><\/td>\n<\/tr>\n<\/tbody>\n<\/table>\n<!-- #tablepress-6 from cache -->\n\n\n\n\n\n\n\n<table id=\"tablepress-3\" class=\"tablepress tablepress-id-3\">\n<tbody>\n<tr class=\"row-1\">\n\t<td class=\"column-1\">Menu terroir<\/td><td class=\"column-2\">34\u20ac<\/td>\n<\/tr>\n<tr class=\"row-2\">\n\t<td class=\"column-1\">Foie gras de Canard mi-cuit (la ferme du Moura),<\/td><td class=\"column-2\"><\/td>\n<\/tr>\n<tr class=\"row-3\">\n\t<td class=\"column-1\">ou<br \/>\nJambon de Coche de chez Pardon,<br \/>\ninfusion d\u2019Huile d\u2019Olive \u00e0 l\u2019Ail<\/td><td class=\"column-2\"><\/td>\n<\/tr>\n<tr class=\"row-4\">\n\t<td class=\"column-1\">C\u00f4telettes d\u2019Agneau<br \/>\nFrites au couteau, L\u00e9gumes croquants<br \/>\nou<br \/>\nPresse de Porc noir de Bigorre de chez Sajous Pierre<br \/>\nFrites au couteau, L\u00e9gumes croquants (suppl\u00e9ment 8\u20ac )<\/td><td class=\"column-2\"><\/td>\n<\/tr>\n<tr class=\"row-5\">\n\t<td class=\"column-1\">Profiteroles maison au chocolat chaud de chez Cluizel<br \/>\nou<br \/>\nCr\u00e8me Br\u00fbl\u00e9e \u00e0 la gousse de Vanille<\/td><td class=\"column-2\"><\/td>\n<\/tr>\n<\/tbody>\n<\/table>\n<!-- #tablepress-3 from cache -->\n\n<table id=\"tablepress-7\" class=\"tablepress tablepress-id-7\">\n<tbody>\n<tr class=\"row-1\">\n\t<td class=\"column-1\">Desserts<\/td><td class=\"column-2\"><\/td>\n<\/tr>\n<tr class=\"row-2\">\n\t<td class=\"column-1\">Panna Cotta<\/td><td class=\"column-2\">8\u20ac<\/td>\n<\/tr>\n<tr class=\"row-3\">\n\t<td class=\"column-1\">Cr\u00e8me br\u00fbl\u00e9e \u00e0 la gousse de Vanille<\/td><td class=\"column-2\">9\u20ac<\/td>\n<\/tr>\n<tr class=\"row-4\">\n\t<td class=\"column-1\">Tiramisu au Sp\u00e9culoos<\/td><td class=\"column-2\">9\u20ac<\/td>\n<\/tr>\n<tr class=\"row-5\">\n\t<td class=\"column-1\">Profiteroles au Chocolat chaud<\/td><td class=\"column-2\">14\u20ac<\/td>\n<\/tr>\n<tr class=\"row-6\">\n\t<td class=\"column-1\">Caf\u00e9 gourmand<\/td><td class=\"column-2\">11\u20ac<\/td>\n<\/tr>\n<tr class=\"row-7\">\n\t<td class=\"column-1\">Calzone au Nutella<\/td><td class=\"column-2\">12\u20ac<\/td>\n<\/tr>\n<tr class=\"row-8\">\n\t<td class=\"column-1\">Dame blanche<\/td><td class=\"column-2\">9\u20ac<\/td>\n<\/tr>\n<tr class=\"row-9\">\n\t<td class=\"column-1\">Glaces et Sorbets<\/td><td class=\"column-2\">7,50\u20ac<\/td>\n<\/tr>\n<\/tbody>\n<\/table>\n<!-- #tablepress-7 from cache -->\n\n\n\n\n","protected":false},"excerpt":{"rendered":"","protected":false},"author":1,"featured_media":0,"parent":0,"menu_order":0,"comment_status":"closed","ping_status":"closed","template":"","meta":{"pagelayer_contact_templates":[],"_pagelayer_content":"","footnotes":""},"class_list":["post-2","page","type-page","status-publish","hentry"],"_links":{"self":[{"href":"https:\/\/www.damarco.fr\/index.php?rest_route=\/wp\/v2\/pages\/2","targetHints":{"allow":["GET"]}}],"collection":[{"href":"https:\/\/www.damarco.fr\/index.php?rest_route=\/wp\/v2\/pages"}],"about":[{"href":"https:\/\/www.damarco.fr\/index.php?rest_route=\/wp\/v2\/types\/page"}],"author":[{"embeddable":true,"href":"https:\/\/www.damarco.fr\/index.php?rest_route=\/wp\/v2\/users\/1"}],"replies":[{"embeddable":true,"href":"https:\/\/www.damarco.fr\/index.php?rest_route=%2Fwp%2Fv2%2Fcomments&post=2"}],"version-history":[{"count":0,"href":"https:\/\/www.damarco.fr\/index.php?rest_route=\/wp\/v2\/pages\/2\/revisions"}],"wp:attachment":[{"href":"https:\/\/www.damarco.fr\/index.php?rest_route=%2Fwp%2Fv2%2Fmedia&parent=2"}],"curies":[{"name":"wp","href":"https:\/\/api.w.org\/{rel}","templated":true}]}}